{"id":922,"date":"2013-08-28T00:55:39","date_gmt":"2013-08-27T22:55:39","guid":{"rendered":"http:\/\/www.zampogna.org\/wpsite\/?page_id=922"},"modified":"2020-03-01T23:05:38","modified_gmt":"2020-03-01T22:05:38","slug":"registration-form","status":"publish","type":"page","link":"https:\/\/zampogna.org\/wpsite\/the-association\/registration-form\/","title":{"rendered":"Registration form"},"content":{"rendered":"<p><strong>Modulo di iscrizione [<a href=\"https:\/\/zampogna.org\/wpsite\/wp-content\/uploads\/Modulo_iscrizione.pdf\">download pdf<\/a>]<br \/>\n<\/strong><\/p>\n<p>all\u2019Associazione Culturale \u201cCircolo della Zampogna\u201d ,\u00a0 Via Kennedy, 10 ; 86070 \u2013 Scapoli (IS)<\/p>\n<p>Nome e Cognome_______________________________________________________<\/p>\n<p>Luogo e data di nascita___________________________________________<\/p>\n<p>Indirizzo_______________________________________________________<\/p>\n<p>Telefono _________________\u00a0\u00a0 e-mail\u00a0 _______________________________<\/p>\n<p>Data ______________\u00a0\u00a0\u00a0\u00a0\u00a0\u00a0\u00a0\u00a0\u00a0 Firma<strong>*<\/strong> \u00a0___________________________________<\/p>\n<p><strong><u>INFORMATIVA in materia di privacy ai sensi del GDPR Regolamento UE n. 679\/2016<\/u><\/strong><\/p>\n<p>Si informa che l\u2019Associazione Culturale \u201cCircolo della Zampogna\u201d, con sede\u00a0\u00a0 in Scapoli, \u00a0via Kennedy n. 10, C.F. 90013430948, e-mail \u00a0<a href=\"mailto:circolo.zampogna@tiscali.it\">circolo.zampogna@tiscali.it<\/a> e <a href=\"mailto:circolo@zampogna.org\">circolo@zampogna.org<\/a> \u00a0, in qualit\u00e0 di Titolare e Responsabile, nella persona del Presidente pro-tempore, tratter\u00e0 i Suoi dati personali, identificativi ed anagrafici ai sensi dell\u2019articolo 13 del GDPR, con le modalit\u00e0 e le precauzioni appresso indicate.<\/p>\n<p>La raccolta ed il trattamento dei Suoi dati personali avranno luogo, dopo il Suo consenso. Il trattamento potr\u00e0 avvenire anche con l\u2019ausilio di mezzi cartacei, elettronici, informatici o via web per le operazioni indicate dall\u2019art. 4 del Codice e dall\u2019art. 4 n. 2 del GDPR quali: registrazione, organizzazione, consultazione, elaborazione, modificazione, estrazione, utilizzo, comunicazione, cancellazione.<\/p>\n<p>Il trattamento \u00e8 finalizzato alla gestione della Sua richiesta di ammissione a Socio dell\u2019Associazione e per l\u2019attuazione delle finalit\u00e0 associative e lo svolgimento dell\u2019attivit\u00e0 istituzionale.<\/p>\n<p>Il conferimento dei dati personali \u00e8 necessario e obbligatorio per le citate finalit\u00e0 e il diniego comporter\u00e0 l\u2019impossibilit\u00e0 di aderire all\u2019Associazione.<\/p>\n<p>I dati personali sono conservati, dal Titolare del trattamento, su supporto cartaceo e\/o su server informatici. A richiesta dell\u2019interessato, verranno comunicati gli indirizzi di conservazione.\u00a0 I dati stessi saranno conservati per il periodo previsto dalla normativa vigente. Decorso tale termine, gli stessi saranno distrutti.<\/p>\n<p>Con specifica istanza, da inviare all\u2019Associazione, tramite raccomandata o posta elettronica, potr\u00e0 conoscere i Suoi dati personali in possesso dell\u2019Ente, chiederne la modifica, la rettifica o la distruzione. Inoltre potr\u00e0 completarli, aggiornarli o richiederne copia. Potr\u00e0 inoltre, con le stesse modalit\u00e0, revocare il consenso, opporsi al trattamento di tutti o parte dei dati, o chiederne l\u2019invio a terzi da Lei indicati. Potr\u00e0 proporre reclami al Garante per la protezione dei dati personali qualora ritenesse violati i Suoi diritti.<\/p>\n<p>Verranno posti in essere tutti i necessari controlli di sicurezza, sia in ambito fisico che informatico e web.<\/p>\n<p>CONSENSO AL TRATTAMENTO DEI DATI PERSONALI<\/p>\n<p><strong>\u00a0<\/strong><\/p>\n<p>Il\/la sottoscritto\/a ____________________________________________________________,\u00a0\u00a0\u00a0 letta l\u2019informativa che precede, <strong>acconsente <\/strong>al trattamento dei propri dati personali nelle modalit\u00e0 e per le finalit\u00e0 descritte nell\u2019informativa stessa.<\/p>\n<p>Data_____________________________<\/p>\n<p>Firma<strong>*<\/strong>_______________________________________________________<\/p>\n<p>-*-\u00a0 per esteso e leggibile<\/p>\n","protected":false},"excerpt":{"rendered":"<p>Modulo di iscrizione [download pdf] all\u2019Associazione Culturale \u201cCircolo della Zampogna\u201d ,\u00a0 Via Kennedy, 10 ; 86070 \u2013 Scapoli (IS) Nome e Cognome_______________________________________________________ Luogo e data di nascita___________________________________________ Indirizzo_______________________________________________________ Telefono _________________\u00a0\u00a0 e-mail\u00a0 _______________________________ Data ______________\u00a0\u00a0\u00a0\u00a0\u00a0\u00a0\u00a0\u00a0\u00a0 Firma* \u00a0___________________________________ INFORMATIVA in materia di &hellip; <a href=\"https:\/\/zampogna.org\/wpsite\/the-association\/registration-form\/\">Continua a leggere<span class=\"meta-nav\">&rarr;<\/span><\/a><\/p>\n","protected":false},"author":4,"featured_media":0,"parent":171,"menu_order":0,"comment_status":"closed","ping_status":"closed","template":"","meta":{"footnotes":""},"language":[16],"class_list":["post-922","page","type-page","status-publish","hentry","language-en_us"],"_links":{"self":[{"href":"https:\/\/zampogna.org\/wpsite\/wp-json\/wp\/v2\/pages\/922"}],"collection":[{"href":"https:\/\/zampogna.org\/wpsite\/wp-json\/wp\/v2\/pages"}],"about":[{"href":"https:\/\/zampogna.org\/wpsite\/wp-json\/wp\/v2\/types\/page"}],"author":[{"embeddable":true,"href":"https:\/\/zampogna.org\/wpsite\/wp-json\/wp\/v2\/users\/4"}],"replies":[{"embeddable":true,"href":"https:\/\/zampogna.org\/wpsite\/wp-json\/wp\/v2\/comments?post=922"}],"version-history":[{"count":4,"href":"https:\/\/zampogna.org\/wpsite\/wp-json\/wp\/v2\/pages\/922\/revisions"}],"predecessor-version":[{"id":1469,"href":"https:\/\/zampogna.org\/wpsite\/wp-json\/wp\/v2\/pages\/922\/revisions\/1469"}],"up":[{"embeddable":true,"href":"https:\/\/zampogna.org\/wpsite\/wp-json\/wp\/v2\/pages\/171"}],"wp:attachment":[{"href":"https:\/\/zampogna.org\/wpsite\/wp-json\/wp\/v2\/media?parent=922"}],"wp:term":[{"taxonomy":"language","embeddable":true,"href":"https:\/\/zampogna.org\/wpsite\/wp-json\/wp\/v2\/language?post=922"}],"curies":[{"name":"wp","href":"https:\/\/api.w.org\/{rel}","templated":true}]}}